{"id":185,"date":"2022-05-04T17:50:22","date_gmt":"2022-05-04T15:50:22","guid":{"rendered":"http:\/\/www.valsesialanciastory.com\/?page_id=185"},"modified":"2024-05-29T19:08:07","modified_gmt":"2024-05-29T17:08:07","slug":"villa-lancia","status":"publish","type":"page","link":"https:\/\/www.valsesialanciastory.com\/index.php\/villa-lancia\/","title":{"rendered":"Villa Lancia"},"content":{"rendered":"<p>[et_pb_section fb_built=&#8221;1&#8243; _builder_version=&#8221;4.17.3&#8243; _module_preset=&#8221;default&#8221; global_colors_info=&#8221;{}&#8221;][et_pb_row _builder_version=&#8221;4.17.3&#8243; _module_preset=&#8221;default&#8221; global_colors_info=&#8221;{}&#8221;][et_pb_column type=&#8221;4_4&#8243; _builder_version=&#8221;4.17.3&#8243; _module_preset=&#8221;default&#8221; global_colors_info=&#8221;{}&#8221;][et_pb_post_title meta=&#8221;off&#8221; featured_image=&#8221;off&#8221; _builder_version=&#8221;4.17.3&#8243; _module_preset=&#8221;default&#8221; title_font=&#8221;|700|||||||&#8221; title_letter_spacing=&#8221;1px&#8221; global_colors_info=&#8221;{}&#8221;][\/et_pb_post_title][\/et_pb_column][\/et_pb_row][et_pb_row column_structure=&#8221;1_2,1_2&#8243; use_custom_gutter=&#8221;on&#8221; gutter_width=&#8221;1&#8243; _builder_version=&#8221;4.17.3&#8243; _module_preset=&#8221;default&#8221; global_colors_info=&#8221;{}&#8221;][et_pb_column type=&#8221;1_2&#8243; _builder_version=&#8221;4.17.3&#8243; _module_preset=&#8221;default&#8221; global_colors_info=&#8221;{}&#8221;][et_pb_text _builder_version=&#8221;4.17.3&#8243; _module_preset=&#8221;default&#8221; global_colors_info=&#8221;{}&#8221;]<\/p>\n<p>A <strong>Fobello<\/strong>, paese di origine della dinastia <strong>Lancia<\/strong>, esiste ancora oggi la maestosa villa in cui viveva la famiglia. Essa \u00e8 situata nella frazione <strong>Mont\u00e0<\/strong> e pu\u00f2 essere raggiunta tramite una strada carrozzabile lunga circa un chilometro che sale dalla piazza del paese.<\/p>\n<p>L&#8217;origine della struttura risale a Giuseppe Lancia, padre di Vincenzo, originario della frazione Costa di Fobello, che si trasfer\u00ec nella frazione <strong>Mont\u00e0<\/strong> circa nel 1880.<\/p>\n<p>[\/et_pb_text][\/et_pb_column][et_pb_column type=&#8221;1_2&#8243; _builder_version=&#8221;4.17.3&#8243; _module_preset=&#8221;default&#8221; global_colors_info=&#8221;{}&#8221;][et_pb_image src=&#8221;https:\/\/www.valsesialanciastory.com\/wp-content\/uploads\/2022\/05\/villalancia_3.jpeg&#8221; alt=&#8221;L&#8217;Anticipo 2022&#8243; title_text=&#8221;villalancia_3&#8243; show_in_lightbox=&#8221;on&#8221; align=&#8221;center&#8221; _builder_version=&#8221;4.17.3&#8243; _module_preset=&#8221;default&#8221; border_width_all=&#8221;4px&#8221; border_color_all=&#8221;#dddddd&#8221; box_shadow_style=&#8221;preset3&#8243; global_colors_info=&#8221;{%22gcid-3cb0cf77-6df6-46d4-969a-61bda35b99d2%22:%91%22border_color_all%22%93}&#8221;][\/et_pb_image][\/et_pb_column][\/et_pb_row][et_pb_row _builder_version=&#8221;4.17.3&#8243; _module_preset=&#8221;default&#8221; global_colors_info=&#8221;{}&#8221;][et_pb_column type=&#8221;4_4&#8243; _builder_version=&#8221;4.17.3&#8243; _module_preset=&#8221;default&#8221; global_colors_info=&#8221;{}&#8221;][et_pb_text _builder_version=&#8221;4.17.6&#8243; _module_preset=&#8221;default&#8221; global_colors_info=&#8221;{}&#8221;]<\/p>\n<p>Esistevano gi\u00e0 tre case risalenti alla met\u00e0 del &#8216;700 ed egli si stabil\u00ec nella pi\u00f9 spaziosa, rimodernandola e facendone la sua dimora estiva.<\/p>\n<p>All&#8217;inizio degli anni &#8217;20 del secolo scorso, <strong>Vincenzo Lancia<\/strong> fece demolire le due case pi\u00f9 piccole, acquist\u00f2 la cascina adiacente e complet\u00f2 l&#8217;acquisto dei terreni che lo collegavano al paese, per un totale di circa nove ettari.<\/p>\n<p>Successivamente venne aggiunta la manica laterale con i portici e internamente venne creato il salone anteriore e la doppia scala che porta ai piani superiori. Gli arredi interni, le stoffe alle pareti, i sette bagni e il riscaldamento centrale appartengono a quella ristrutturazione.<\/p>\n<p>Esternamente furono create le varie terrazze, il campo tennis con l&#8217;attiguo salone, il gioco delle bocce, i garages, e la strada carrozzabile che collega il paese alla dimora attraverso cinque tornanti nel bosco.<\/p>\n<p>&nbsp;<\/p>\n<p>[\/et_pb_text][et_pb_button button_url=&#8221;http:\/\/www.villalancia.it&#8221; url_new_window=&#8221;on&#8221; button_text=&#8221;Visita il sito web di Villa Lancia&#8221; button_alignment=&#8221;center&#8221; disabled_on=&#8221;on|on|on&#8221; _builder_version=&#8221;4.17.6&#8243; _module_preset=&#8221;default&#8221; disabled=&#8221;on&#8221; global_colors_info=&#8221;{}&#8221;][\/et_pb_button][\/et_pb_column][\/et_pb_row][\/et_pb_section][et_pb_section fb_built=&#8221;1&#8243; prev_background_color=&#8221;#ffffff&#8221; _builder_version=&#8221;4.17.3&#8243; _module_preset=&#8221;default&#8221; background_color=&#8221;gcid-4d6a4c10-449b-4d90-99d7-d7e7a21e21e4&#8243; custom_padding=&#8221;100px||100px||false|false&#8221; top_divider_style=&#8221;slant2&#8243; top_divider_flip=&#8221;horizontal&#8221; bottom_divider_style=&#8221;mountains2&#8243; bottom_divider_color=&#8221;gcid-f829c84f-77a1-4fdf-88eb-0d27c1bfc34e&#8221; global_colors_info=&#8221;{%22gcid-f829c84f-77a1-4fdf-88eb-0d27c1bfc34e%22:%91%22bottom_divider_color%22%93}&#8221;][et_pb_row _builder_version=&#8221;4.17.3&#8243; _module_preset=&#8221;default&#8221; global_colors_info=&#8221;{}&#8221;][et_pb_column type=&#8221;4_4&#8243; _builder_version=&#8221;4.17.3&#8243; _module_preset=&#8221;default&#8221; global_colors_info=&#8221;{}&#8221;][et_pb_text _builder_version=&#8221;4.17.6&#8243; _module_preset=&#8221;default&#8221; hover_enabled=&#8221;0&#8243; global_colors_info=&#8221;{}&#8221; sticky_enabled=&#8221;0&#8243;]<\/p>\n<p>The Villa Lancia in Fobello is the native town of the Founder of the fascinating car company of Turin.<\/p>\n<p>The original structure goes back to Giuseppe Lancia, father of Vincenzo, who was native of the community \u201cCosta\u201d of Fobello, and then moved to \u201cLa Mont\u00e0\u201d of Fobello in 1880.<\/p>\n<p>There already were three houses in that location, from the middle \u2018700: he took the biggest one, modernized it and he made it his summer-home. At the beginning of the 20th century Vincenzo Lancia demolished the two smaller houses, bought a farm in the proximity and joined it to the land he bought, connecting the house to the town, for a total of 9 acres.<\/p>\n<p>Successively, he built the porch and, he created, inside the house, the front living room and the double stairs which brought to the rooms above. The biggest innovations were the internal furniture, the fabric on the walls, the seven bathrooms and the central heating. Outside, he built the balconies, the tennis camp with the adjacent ballroom, the bowl game, the garages and the road with five hairpin turns that connected the house with the town, passing through the wood.<\/p>\n<p>&nbsp;<\/p>\n<p>[\/et_pb_text][\/et_pb_column][\/et_pb_row][\/et_pb_section]<\/p>\n","protected":false},"excerpt":{"rendered":"<p>A Fobello, paese di origine della dinastia Lancia, esiste ancora oggi la maestosa villa in cui viveva la famiglia. Essa \u00e8 situata nella frazione Mont\u00e0 e pu\u00f2 essere raggiunta tramite una strada carrozzabile lunga circa un chilometro che sale dalla piazza del paese. L&#8217;origine della struttura risale a Giuseppe Lancia, padre di Vincenzo, originario della [&hellip;]<\/p>\n","protected":false},"author":1,"featured_media":0,"parent":0,"menu_order":0,"comment_status":"closed","ping_status":"closed","template":"","meta":{"_et_pb_use_builder":"on","_et_pb_old_content":"","_et_gb_content_width":""},"_links":{"self":[{"href":"https:\/\/www.valsesialanciastory.com\/index.php\/wp-json\/wp\/v2\/pages\/185"}],"collection":[{"href":"https:\/\/www.valsesialanciastory.com\/index.php\/wp-json\/wp\/v2\/pages"}],"about":[{"href":"https:\/\/www.valsesialanciastory.com\/index.php\/wp-json\/wp\/v2\/types\/page"}],"author":[{"embeddable":true,"href":"https:\/\/www.valsesialanciastory.com\/index.php\/wp-json\/wp\/v2\/users\/1"}],"replies":[{"embeddable":true,"href":"https:\/\/www.valsesialanciastory.com\/index.php\/wp-json\/wp\/v2\/comments?post=185"}],"version-history":[{"count":7,"href":"https:\/\/www.valsesialanciastory.com\/index.php\/wp-json\/wp\/v2\/pages\/185\/revisions"}],"predecessor-version":[{"id":1391,"href":"https:\/\/www.valsesialanciastory.com\/index.php\/wp-json\/wp\/v2\/pages\/185\/revisions\/1391"}],"wp:attachment":[{"href":"https:\/\/www.valsesialanciastory.com\/index.php\/wp-json\/wp\/v2\/media?parent=185"}],"curies":[{"name":"wp","href":"https:\/\/api.w.org\/{rel}","templated":true}]}}