{"id":192,"date":"2022-05-06T09:35:28","date_gmt":"2022-05-06T07:35:28","guid":{"rendered":"http:\/\/www.valsesialanciastory.com\/?page_id=192"},"modified":"2022-11-13T21:47:01","modified_gmt":"2022-11-13T20:47:01","slug":"via-lancia","status":"publish","type":"page","link":"https:\/\/www.valsesialanciastory.com\/index.php\/via-lancia\/","title":{"rendered":"Via Lancia"},"content":{"rendered":"<p>[et_pb_section fb_built=&#8221;1&#8243; _builder_version=&#8221;4.17.3&#8243; _module_preset=&#8221;default&#8221; global_colors_info=&#8221;{}&#8221;][et_pb_row _builder_version=&#8221;4.17.3&#8243; _module_preset=&#8221;default&#8221; global_colors_info=&#8221;{}&#8221;][et_pb_column type=&#8221;4_4&#8243; _builder_version=&#8221;4.17.3&#8243; _module_preset=&#8221;default&#8221; global_colors_info=&#8221;{}&#8221;][et_pb_post_title meta=&#8221;off&#8221; featured_image=&#8221;off&#8221; _builder_version=&#8221;4.17.3&#8243; _module_preset=&#8221;default&#8221; title_font=&#8221;|700|||||||&#8221; title_letter_spacing=&#8221;1px&#8221; global_colors_info=&#8221;{}&#8221;][\/et_pb_post_title][\/et_pb_column][\/et_pb_row][et_pb_row column_structure=&#8221;1_2,1_2&#8243; use_custom_gutter=&#8221;on&#8221; gutter_width=&#8221;1&#8243; _builder_version=&#8221;4.17.3&#8243; _module_preset=&#8221;default&#8221; global_colors_info=&#8221;{}&#8221;][et_pb_column type=&#8221;1_2&#8243; _builder_version=&#8221;4.17.3&#8243; _module_preset=&#8221;default&#8221; global_colors_info=&#8221;{}&#8221;][et_pb_text _builder_version=&#8221;4.17.3&#8243; _module_preset=&#8221;default&#8221; global_colors_info=&#8221;{}&#8221;]<\/p>\n<p>Il 14 settembre 2008 \u00e8 stata inaugurata la &#8220;<strong>Via Lancia<\/strong>&#8220;. Ecco come Adolfo Pascariello &#8220;racconta&#8221; l&#8217;importanza dell&#8217;evento:<\/p>\n<p>&#8220;Intitolare alla memoria di Vincenzo Lancia il tratto della strada provinciale della Val Mastallone da Varallo a Fobello rappresenta un riconoscimento dovuto alla figura di questo Valsesiano che tanto ha dato al nostro territorio in termini di fama e di aiuto concreto. Proviamo a percorrere questo cammino con il sapore di un tempo.<\/p>\n<p>[\/et_pb_text][\/et_pb_column][et_pb_column type=&#8221;1_2&#8243; _builder_version=&#8221;4.17.3&#8243; _module_preset=&#8221;default&#8221; global_colors_info=&#8221;{}&#8221;][et_pb_image src=&#8221;https:\/\/www.valsesialanciastory.com\/wp-content\/uploads\/2022\/05\/via_lancia_logo.jpeg&#8221; alt=&#8221;via lancia&#8221; title_text=&#8221;via lancia&#8221; show_in_lightbox=&#8221;on&#8221; align=&#8221;center&#8221; _builder_version=&#8221;4.17.3&#8243; _module_preset=&#8221;default&#8221; border_width_all=&#8221;4px&#8221; border_color_all=&#8221;#dddddd&#8221; box_shadow_style=&#8221;preset3&#8243; global_colors_info=&#8221;{%22gcid-3cb0cf77-6df6-46d4-969a-61bda35b99d2%22:%91%22border_color_all%22%93}&#8221;][\/et_pb_image][\/et_pb_column][\/et_pb_row][et_pb_row _builder_version=&#8221;4.17.3&#8243; _module_preset=&#8221;default&#8221; global_colors_info=&#8221;{}&#8221;][et_pb_column type=&#8221;4_4&#8243; _builder_version=&#8221;4.17.3&#8243; _module_preset=&#8221;default&#8221; global_colors_info=&#8221;{}&#8221;][et_pb_text _builder_version=&#8221;4.17.3&#8243; _module_preset=&#8221;default&#8221; global_colors_info=&#8221;{}&#8221;]<\/p>\n<p>La <strong>Valsesia<\/strong>, la <strong>Val Mastallone<\/strong> e <strong>Vincenzo Lancia<\/strong> costituiscono un legame indissolubile nel tempo. Un legame forte nei confronti della gente della Sua valle che oggi pi\u00f9 che mai \u00e8 orgogliosa di aver dato alla luce un Figlio cos\u00ec importante, trasferendogli i valori della gente di montagna, la tenacia, l\u2019ingegno, la modestia e la signorilit\u00e0 innata. \u00c8 bello immaginare Censin con lo sguardo rivolto verso Sabbia prima di giungere a Cravagliana.<\/p>\n<p>A <strong>Fobello<\/strong>, con a fianco Rimella e Cervatto, questa via a lui dedicata finisce, ma la leggenda di <strong>Vincenzo Lancia<\/strong> \u00e8 pi\u00f9 viva che mai. La figura del Grande Valsesiano si rispecchia nelle numerose opere che lo hanno visto munifico benefattore. Vincenzo Lancia \u00e8 e rester\u00e0 un uomo di successo e di genio, figlio della Val Mastallone, che qui ha cercato il riposo. Per sempre.&#8221;<\/p>\n<p>[\/et_pb_text][et_pb_button button_url=&#8221;http:\/\/www.vialancia.it\/&#8221; url_new_window=&#8221;on&#8221; button_text=&#8221;Visita il sito web di Via Lancia&#8221; button_alignment=&#8221;center&#8221; _builder_version=&#8221;4.17.6&#8243; _module_preset=&#8221;default&#8221; hover_enabled=&#8221;0&#8243; global_colors_info=&#8221;{}&#8221; sticky_enabled=&#8221;0&#8243;][\/et_pb_button][\/et_pb_column][\/et_pb_row][\/et_pb_section][et_pb_section fb_built=&#8221;1&#8243; prev_background_color=&#8221;#ffffff&#8221; _builder_version=&#8221;4.17.3&#8243; _module_preset=&#8221;default&#8221; background_color=&#8221;gcid-4d6a4c10-449b-4d90-99d7-d7e7a21e21e4&#8243; custom_padding=&#8221;100px||100px||false|false&#8221; top_divider_style=&#8221;slant2&#8243; top_divider_flip=&#8221;horizontal&#8221; bottom_divider_style=&#8221;mountains2&#8243; bottom_divider_color=&#8221;gcid-f829c84f-77a1-4fdf-88eb-0d27c1bfc34e&#8221; global_colors_info=&#8221;{%22gcid-f829c84f-77a1-4fdf-88eb-0d27c1bfc34e%22:%91%22bottom_divider_color%22%93}&#8221;][et_pb_row _builder_version=&#8221;4.17.3&#8243; _module_preset=&#8221;default&#8221; global_colors_info=&#8221;{}&#8221;][et_pb_column type=&#8221;4_4&#8243; _builder_version=&#8221;4.17.3&#8243; _module_preset=&#8221;default&#8221; global_colors_info=&#8221;{}&#8221;][et_pb_text _builder_version=&#8221;4.17.3&#8243; _module_preset=&#8221;default&#8221; global_colors_info=&#8221;{}&#8221;]The \u2018Via Lancia\u2019 was opened on 14th September 2008. Here below is how  Adolfo Pascariello reported the importance of the event:<\/p>\n<p>\u2018Naming the stretch of road through the Mastallone Valley from Varallo to Fobello in memory of Vincenzo Lancia represents the recognition that is owed to this native of Valsesia for all that he has given to this territory in terms of fame and concrete help. Let us take this road in the spirit of a time gone by.<\/p>\n<p>The Valsesia, the Mastallone Valley and Vincenzo Lancia constitute an unbreakable link in time. It is a link so strong that the people of his valley are more than ever proud that this region has produced such an important son, reflecting the values of the mountain folk, the tenacity, the ingenuity, the modesty and innate gentility. It is wonderful to imagine Censin gazing up towards Sabbia as he heads towards Cravagliana.<\/p>\n<p>Fobello, flanked by Rimella and Cervatto, marks the end of the road dedicated to him but the legend of Vincenzo Lancia is more alive than ever. The figure of the great Valsesian is reflected in the  numerous works of which he was a benefactor. Vincenzo Lancia is, and remains, a success and a genius, son of the Mastallone Valley, where he looked for his peace. For ever.\u2019[\/et_pb_text][\/et_pb_column][\/et_pb_row][\/et_pb_section]<\/p>\n","protected":false},"excerpt":{"rendered":"<p>Il 14 settembre 2008 \u00e8 stata inaugurata la &#8220;Via Lancia&#8221;. Ecco come Adolfo Pascariello &#8220;racconta&#8221; l&#8217;importanza dell&#8217;evento: &#8220;Intitolare alla memoria di Vincenzo Lancia il tratto della strada provinciale della Val Mastallone da Varallo a Fobello rappresenta un riconoscimento dovuto alla figura di questo Valsesiano che tanto ha dato al nostro territorio in termini di fama [&hellip;]<\/p>\n","protected":false},"author":1,"featured_media":0,"parent":0,"menu_order":0,"comment_status":"closed","ping_status":"closed","template":"","meta":{"_et_pb_use_builder":"on","_et_pb_old_content":"","_et_gb_content_width":""},"_links":{"self":[{"href":"https:\/\/www.valsesialanciastory.com\/index.php\/wp-json\/wp\/v2\/pages\/192"}],"collection":[{"href":"https:\/\/www.valsesialanciastory.com\/index.php\/wp-json\/wp\/v2\/pages"}],"about":[{"href":"https:\/\/www.valsesialanciastory.com\/index.php\/wp-json\/wp\/v2\/types\/page"}],"author":[{"embeddable":true,"href":"https:\/\/www.valsesialanciastory.com\/index.php\/wp-json\/wp\/v2\/users\/1"}],"replies":[{"embeddable":true,"href":"https:\/\/www.valsesialanciastory.com\/index.php\/wp-json\/wp\/v2\/comments?post=192"}],"version-history":[{"count":4,"href":"https:\/\/www.valsesialanciastory.com\/index.php\/wp-json\/wp\/v2\/pages\/192\/revisions"}],"predecessor-version":[{"id":876,"href":"https:\/\/www.valsesialanciastory.com\/index.php\/wp-json\/wp\/v2\/pages\/192\/revisions\/876"}],"wp:attachment":[{"href":"https:\/\/www.valsesialanciastory.com\/index.php\/wp-json\/wp\/v2\/media?parent=192"}],"curies":[{"name":"wp","href":"https:\/\/api.w.org\/{rel}","templated":true}]}}