{"id":2,"date":"2022-05-02T16:31:34","date_gmt":"2022-05-02T14:31:34","guid":{"rendered":"http:\/\/www.valsesialanciastory.com\/?page_id=2"},"modified":"2026-04-08T18:47:18","modified_gmt":"2026-04-08T16:47:18","slug":"home","status":"publish","type":"page","link":"https:\/\/www.valsesialanciastory.com\/","title":{"rendered":"Valsesia Lancia Story"},"content":{"rendered":"<p>[et_pb_section fb_built=&#8221;1&#8243; fullwidth=&#8221;on&#8221; _builder_version=&#8221;4.17.6&#8243; _module_preset=&#8221;default&#8221; max_height=&#8221;700px&#8221; custom_margin=&#8221;||||false|false&#8221; custom_padding=&#8221;||||false|false&#8221; bottom_divider_style=&#8221;mountains2&#8243; bottom_divider_color=&#8221;#FFFFFF&#8221; bottom_divider_height=&#8221;120px&#8221; global_colors_info=&#8221;{}&#8221;][et_pb_fullwidth_slider _builder_version=&#8221;4.17.6&#8243; _module_preset=&#8221;default&#8221; header_font=&#8221;|800|||||||&#8221; header_text_align=&#8221;center&#8221; header_text_color=&#8221;#EDF000&#8243; header_line_height=&#8221;1.2em&#8221; background_color=&#8221;#FFFFFF&#8221; background_enable_image=&#8221;off&#8221; background_enable_mask_style=&#8221;on&#8221; background_mask_style=&#8221;diagonal-bars&#8221; background_mask_color=&#8221;rgba(12,113,195,0.86)&#8221; text_orientation=&#8221;justified&#8221; min_height=&#8221;368px&#8221; height=&#8221;680px&#8221; max_height=&#8221;680px&#8221; custom_margin=&#8221;||-2px||false|false&#8221; custom_padding=&#8221;1px||0px||false|false&#8221; box_shadow_style=&#8221;preset1&#8243; text_shadow_style=&#8221;preset4&#8243; text_shadow_blur_strength=&#8221;1.11em&#8221; global_colors_info=&#8221;{}&#8221;][et_pb_slide heading=&#8221;Dal 1995 a Fobello&#8221; _builder_version=&#8221;4.17.6&#8243; _module_preset=&#8221;default&#8221; body_font_size=&#8221;20px&#8221; body_line_height=&#8221;1.2em&#8221; background_color=&#8221;RGBA(255,255,255,0)&#8221; background_enable_color=&#8221;on&#8221; background_image=&#8221;https:\/\/www.valsesialanciastory.com\/wp-content\/uploads\/2022\/05\/slide_story.jpg&#8221; background_enable_image=&#8221;on&#8221; global_colors_info=&#8221;{}&#8221; sticky_transition=&#8221;on&#8221;]<\/p>\n<p><span style=\"font-family: Trebuchet MS;\"><span><strong>&#8230;dove Vincenzo Lancia nacque.<\/strong><\/span><\/span><\/p>\n<p>Il <strong>Valsesia Lancia Story<\/strong>, fondato nel 1995, ha la sua sede a <strong>Fobello<\/strong>,<br \/>paese natale di <strong>Vincenzo Lancia<\/strong>.<span style=\"font-family: Trebuchet MS;\"><span><\/span><\/span><\/p>\n<p><span style=\"font-family: Trebuchet MS;\"><span>Il club ha come scopo quello di conservare e tramandare la storia<br \/>della famiglia <strong>Lancia <\/strong>e del fondatore della omonima casa automobilistica.<\/span><\/span><\/p>\n<p>&nbsp;<\/p>\n<p><span style=\"font-family: Trebuchet MS;\"><span><\/span><\/span><\/p>\n<p><span style=\"font-family: Trebuchet MS;\"><span><\/span><\/span><\/p>\n<p><span style=\"font-family: Trebuchet MS;\"><span><\/span><\/span><\/p>\n<p>[\/et_pb_slide][et_pb_slide heading=&#8221;Il Club&#8221; button_text=&#8221;Continua&#8221; button_link=&#8221;@ET-DC@eyJkeW5hbWljIjp0cnVlLCJjb250ZW50IjoicG9zdF9saW5rX3VybF9wYWdlIiwic2V0dGluZ3MiOnsicG9zdF9pZCI6IjMxIn19@&#8221; _builder_version=&#8221;4.17.4&#8243; _dynamic_attributes=&#8221;button_link&#8221; _module_preset=&#8221;default&#8221; body_font_size=&#8221;20px&#8221; body_line_height=&#8221;1.2em&#8221; background_color=&#8221;RGBA(255,255,255,0)&#8221; background_enable_color=&#8221;on&#8221; background_image=&#8221;https:\/\/www.valsesialanciastory.com\/wp-content\/uploads\/2022\/05\/fobello_view3.jpg&#8221; background_enable_image=&#8221;on&#8221; global_colors_info=&#8221;{}&#8221; sticky_transition=&#8221;on&#8221;]<\/p>\n<p>Oggi il Club conta circa duecento soci attivi,<br \/>ha la propria sede a Fobello e una sede operativa a Varallo.<\/p>\n<p><span>Organizza varie manifestazioni, alcune delle quali diventate ormai tradizione.<\/span><span style=\"font-family: Trebuchet MS;\"><span><\/span><\/span><\/p>\n<p>[\/et_pb_slide][et_pb_slide heading=&#8221;Museo Vincenzo Lancia CHIUSO PER RISTRUTTURAZIONE &#8211; MUSEUM CLOSED FOR RENOVATION&#8221; button_text=&#8221;Continua&#8221; button_link=&#8221;@ET-DC@eyJkeW5hbWljIjp0cnVlLCJjb250ZW50IjoicG9zdF9saW5rX3VybF9wYWdlIiwic2V0dGluZ3MiOnsicG9zdF9pZCI6IjE2OSJ9fQ==@&#8221; _builder_version=&#8221;4.17.6&#8243; _dynamic_attributes=&#8221;button_link&#8221; _module_preset=&#8221;default&#8221; header_font=&#8221;|800|||||||&#8221; header_text_color=&#8221;#EDF000&#8243; body_font=&#8221;||||||||&#8221; body_font_size=&#8221;20px&#8221; body_line_height=&#8221;1.2em&#8221; background_color=&#8221;RGBA(255,255,255,0)&#8221; background_enable_color=&#8221;on&#8221; background_image=&#8221;https:\/\/www.valsesialanciastory.com\/wp-content\/uploads\/2022\/05\/bg-museo-lancia_2.jpg&#8221; background_enable_image=&#8221;on&#8221; global_colors_info=&#8221;{}&#8221; sticky_transition=&#8221;on&#8221;]<\/p>\n<p>Il <strong>Valsesia Lancia Story<\/strong>, in collaborazione con la <strong>Famiglia Lancia<\/strong>,<br \/>per onorare la figura di <strong>Vincenzo Lancia<\/strong>, ha allestito a <strong>Fobello<\/strong> una<br \/><strong>Mostra permanente<\/strong> intitolata al fondatore della prestigiosa casa<br \/>automobilistica torinese che porta il suo nome.<\/p>\n<p>[\/et_pb_slide][et_pb_slide heading=&#8221;Seguici anche su ISTAGRAM&#8221; _builder_version=&#8221;4.17.6&#8243; _module_preset=&#8221;default&#8221; header_font=&#8221;Kalam|800|||||||&#8221; header_text_align=&#8221;center&#8221; header_text_color=&#8221;#E09900&#8243; header_font_size=&#8221;60px&#8221; link_option_url=&#8221;https:\/\/www.instagram.com&#8221; header_text_shadow_style=&#8221;preset3&#8243; global_colors_info=&#8221;{}&#8221; sticky_transition=&#8221;on&#8221;]<\/p>\n<p><img loading=\"lazy\" src=\"https:\/\/www.valsesialanciastory.com\/wp-content\/uploads\/2023\/04\/instagram-300x300.png\" width=\"211\" height=\"211\" alt=\"\" class=\"wp-image-1004 alignnone size-medium\" style=\"display: block; margin-left: auto; margin-right: auto;\" \/><\/p>\n<p>[\/et_pb_slide][\/et_pb_fullwidth_slider][\/et_pb_section][et_pb_section fb_built=&#8221;1&#8243; _builder_version=&#8221;4.17.4&#8243; _module_preset=&#8221;default&#8221; background_image=&#8221;https:\/\/www.valsesialanciastory.com\/wp-content\/uploads\/2022\/05\/bg_white_1911_2.jpg&#8221; min_height=&#8221;992.5px&#8221; custom_margin=&#8221;-67px|||||&#8221; custom_padding=&#8221;20px||0px||false|false&#8221; global_colors_info=&#8221;{}&#8221;][et_pb_row _builder_version=&#8221;4.17.3&#8243; _module_preset=&#8221;default&#8221; global_colors_info=&#8221;{}&#8221;][et_pb_column type=&#8221;4_4&#8243; _builder_version=&#8221;4.17.3&#8243; _module_preset=&#8221;default&#8221; global_colors_info=&#8221;{}&#8221;][et_pb_text _builder_version=&#8221;4.17.6&#8243; _module_preset=&#8221;default&#8221; text_font=&#8221;Archivo|700|||||||&#8221; text_text_color=&#8221;gcid-f829c84f-77a1-4fdf-88eb-0d27c1bfc34e&#8221; text_font_size=&#8221;40px&#8221; text_line_height=&#8221;1.8em&#8221; custom_margin=&#8221;40px|||||&#8221; custom_padding=&#8221;|||10px|false|false&#8221; animation_style=&#8221;fade&#8221; text_text_shadow_style=&#8221;preset1&#8243; box_shadow_style=&#8221;preset2&#8243; global_colors_info=&#8221;{%22gcid-f829c84f-77a1-4fdf-88eb-0d27c1bfc34e%22:%91%22text_text_color%22%93}&#8221;]<\/p>\n<p style=\"border-bottom: 1px solid #2758a3; text-align: center;\">IN PRIMO PIANO<\/p>\n<p>[\/et_pb_text][\/et_pb_column][\/et_pb_row][et_pb_row disabled_on=&#8221;off|off|off&#8221; _builder_version=&#8221;4.17.6&#8243; _module_preset=&#8221;default&#8221; min_height=&#8221;350px&#8221; max_height=&#8221;600px&#8221; custom_margin=&#8221;0px|auto|-2px|auto|false|false&#8221; custom_padding=&#8221;0px|6px|0px||false|false&#8221; box_shadow_style=&#8221;preset1&#8243; global_colors_info=&#8221;{}&#8221;][et_pb_column type=&#8221;4_4&#8243; _builder_version=&#8221;4.17.3&#8243; _module_preset=&#8221;default&#8221; global_colors_info=&#8221;{}&#8221;][et_pb_slider _builder_version=&#8221;4.17.6&#8243; _module_preset=&#8221;default&#8221; header_font=&#8221;Archivo|700|||||||&#8221; header_text_color=&#8221;#2456A5&#8243; header_font_size=&#8221;40px&#8221; header_line_height=&#8221;4em&#8221; body_line_height=&#8221;1em&#8221; background_color=&#8221;RGBA(255,255,255,0)&#8221; text_orientation=&#8221;left&#8221; min_height=&#8221;400px&#8221; custom_margin=&#8221;||4px|||&#8221; custom_padding=&#8221;1px||7px||false|false&#8221; hover_enabled=&#8221;0&#8243; header_text_shadow_style=&#8221;preset1&#8243; global_colors_info=&#8221;{}&#8221; sticky_enabled=&#8221;0&#8243;][et_pb_slide heading=&#8221;19 APRILE :  Gita di Primavera &#8211; CAPPELLIFICIO CERVO &#8211; OROPA&#8221; button_text=&#8221;PROGRAMMA&#8221; button_link=&#8221;https:\/\/www.valsesialanciastory.com\/wp-content\/uploads\/2026\/03\/Gita-di-primavera-2026-Invito.pdf&#8221; image=&#8221;https:\/\/www.valsesialanciastory.com\/wp-content\/uploads\/2026\/03\/Gita-Primavera.png&#8221; content_tablet=&#8221;<\/p>\n<p>Visiteremo il \u201cCappellificio Cervo\u201d a Sagliano MIcca. Dopo la visita ripartiremo alla volta di Oropa dove gusteremo il pranzo all&#8217;interno del complesso del Santuario<\/p>\n<p>&#8221; content_phone=&#8221;<\/p>\n<p>Visiteremo il \u201cCappellificio Cervo\u201d a Sagliano MIcca. Dopo la visita ripartiremo alla volta di Oropa dove gusteremo il pranzo all&#8217;interno del complesso del Santuario<\/p>\n<p>&#8221; content_last_edited=&#8221;on|desktop&#8221; _builder_version=&#8221;4.17.6&#8243; _module_preset=&#8221;default&#8221; header_level=&#8221;h1&#8243; header_font=&#8221;Archivo|600|on||||||&#8221; header_text_align=&#8221;left&#8221; header_font_size=&#8221;25px&#8221; body_text_color=&#8221;#0C71C3&#8243; body_font_size=&#8221;20px&#8221; body_line_height=&#8221;1em&#8221; text_orientation=&#8221;left&#8221; background_layout=&#8221;light&#8221; body_text_shadow_style=&#8221;preset1&#8243; border_radii_image=&#8221;on|20px|20px|20px|20px&#8221; border_width_all_image=&#8221;3px&#8221; border_color_all_image=&#8221;#EDEDED&#8221; box_shadow_style_image=&#8221;preset1&#8243; box_shadow_vertical_image=&#8221;0px&#8221; box_shadow_blur_image=&#8221;30px&#8221; global_colors_info=&#8221;{}&#8221; sticky_transition=&#8221;on&#8221;]<\/p>\n<p>Visiteremo il \u201cCappellificio Cervo\u201d a Sagliano MIcca.\u00a0Dopo la visita ripartiremo alla volta di Oropa dove gusteremo il pranzo all&#8217;interno del complesso del Santuario<\/p>\n<p>[\/et_pb_slide][et_pb_slide heading=&#8221;Tesseramento 2026&#8243; button_text=&#8221;VEDI DOCUMENTO&#8221; button_link=&#8221;https:\/\/www.valsesialanciastory.com\/wp-content\/uploads\/2025\/12\/Tesseramento-2026.pdf&#8221; image=&#8221;https:\/\/www.valsesialanciastory.com\/wp-content\/uploads\/2022\/05\/logo_head.png&#8221; _builder_version=&#8221;4.17.6&#8243; _module_preset=&#8221;default&#8221; header_level=&#8221;h1&#8243; header_font=&#8221;Archivo|600|on||||||&#8221; header_text_align=&#8221;left&#8221; header_font_size=&#8221;25px&#8221; body_text_color=&#8221;#0C71C3&#8243; body_font_size=&#8221;20px&#8221; body_line_height=&#8221;1em&#8221; text_orientation=&#8221;left&#8221; background_layout=&#8221;light&#8221; border_radii_image=&#8221;on|20px|20px|20px|20px&#8221; border_width_all_image=&#8221;3px&#8221; border_color_all_image=&#8221;#EDEDED&#8221; box_shadow_style_image=&#8221;preset1&#8243; box_shadow_vertical_image=&#8221;0px&#8221; box_shadow_blur_image=&#8221;30px&#8221; global_colors_info=&#8221;{}&#8221; sticky_transition=&#8221;on&#8221;]<\/p>\n<p style=\"text-align: justify;\"><strong><em>\u00a0<\/em><\/strong><\/p>\n<p>[\/et_pb_slide][\/et_pb_slider][\/et_pb_column][\/et_pb_row][\/et_pb_section][et_pb_section fb_built=&#8221;1&#8243; prev_background_color=&#8221;#ffffff&#8221; disabled_on=&#8221;off|off|off&#8221; _builder_version=&#8221;4.17.6&#8243; _module_preset=&#8221;default&#8221; background_color=&#8221;#0C71C3&#8243; min_height=&#8221;100px&#8221; custom_margin=&#8221;1px|||||&#8221; custom_padding=&#8221;100px||0px||false|false&#8221; top_divider_style=&#8221;mountains2&#8243; box_shadow_style=&#8221;preset6&#8243; global_colors_info=&#8221;{}&#8221;][\/et_pb_section][et_pb_section fb_built=&#8221;1&#8243; prev_background_color=&#8221;#000000&#8243; disabled_on=&#8221;on|on|on&#8221; _builder_version=&#8221;4.17.6&#8243; _module_preset=&#8221;default&#8221; background_color=&#8221;#0C71C3&#8243; min_height=&#8221;2247.9px&#8221; custom_margin=&#8221;-1px|||||&#8221; custom_padding=&#8221;126px||||false|false&#8221; top_divider_style=&#8221;mountains2&#8243; box_shadow_style=&#8221;preset6&#8243; disabled=&#8221;on&#8221; global_colors_info=&#8221;{}&#8221;][et_pb_row disabled_on=&#8221;off|off|off&#8221; _builder_version=&#8221;4.17.6&#8243; _module_preset=&#8221;default&#8221; min_height=&#8221;100px&#8221; height=&#8221;177px&#8221; custom_margin=&#8221;-121px|auto||auto||&#8221; custom_padding=&#8221;0px|||||&#8221; global_colors_info=&#8221;{}&#8221;][et_pb_column type=&#8221;4_4&#8243; _builder_version=&#8221;4.17.3&#8243; _module_preset=&#8221;default&#8221; global_colors_info=&#8221;{}&#8221;][et_pb_text disabled_on=&#8221;off|off|off&#8221; _builder_version=&#8221;4.17.6&#8243; _module_preset=&#8221;default&#8221; text_font=&#8221;Archivo|700|||||||&#8221; text_text_color=&#8221;#FFFFFF&#8221; text_font_size=&#8221;40px&#8221; text_line_height=&#8221;1.8em&#8221; min_height=&#8221;100px&#8221; custom_margin=&#8221;55px||-62px|||&#8221; custom_padding=&#8221;0px||0px|||&#8221; animation_style=&#8221;fade&#8221; box_shadow_style=&#8221;preset1&#8243; global_colors_info=&#8221;{}&#8221;]<\/p>\n<p style=\"border-bottom: 1px solid #ffffff; text-align: center;\">GALLERIA<\/p>\n<p>[\/et_pb_text][\/et_pb_column][\/et_pb_row][et_pb_row disabled_on=&#8221;off|off|off&#8221; _builder_version=&#8221;4.17.6&#8243; _module_preset=&#8221;default&#8221; width=&#8221;95%&#8221; max_width=&#8221;2560px&#8221; module_alignment=&#8221;center&#8221; min_height=&#8221;1200px&#8221; custom_margin=&#8221;|auto|111px|15px||&#8221; custom_padding=&#8221;0px|0px||||&#8221; border_color_all=&#8221;#FFFFFF&#8221; box_shadow_style=&#8221;preset1&#8243; global_colors_info=&#8221;{}&#8221;][et_pb_column type=&#8221;4_4&#8243; _builder_version=&#8221;4.17.4&#8243; _module_preset=&#8221;default&#8221; background_color=&#8221;#0bb6bf&#8221; global_colors_info=&#8221;{}&#8221;][et_pb_gallery gallery_ids=&#8221;1170,1186,1185,1189,1174,1179,1182,1175,1176,1177,1173,1178,1195,1193,1192,1191&#8243; posts_number=&#8221;16&#8243; show_title_and_caption=&#8221;off&#8221; show_pagination=&#8221;off&#8221; disabled_on=&#8221;off|off|off&#8221; _builder_version=&#8221;4.17.6&#8243; _module_preset=&#8221;default&#8221; background_color=&#8221;#0b9fbc&#8221; min_height=&#8221;1978.9px&#8221; custom_margin=&#8221;|||8px||&#8221; custom_padding=&#8221;||24px|||&#8221; border_width_all=&#8221;2px&#8221; border_width_all_image=&#8221;8px&#8221; border_color_all_image=&#8221;#FFFFFF&#8221; box_shadow_style_image=&#8221;preset7&#8243; box_shadow_blur_image=&#8221;20px&#8221; global_colors_info=&#8221;{}&#8221;][\/et_pb_gallery][et_pb_gallery gallery_ids=&#8221;1054,1057,1058,1067,1068,1076,1077,1059,1060,1061,1062,1063,1064,1065,1075,1069,1070,1071,1072&#8243; posts_number=&#8221;24&#8243; show_title_and_caption=&#8221;off&#8221; show_pagination=&#8221;off&#8221; disabled_on=&#8221;off|off|off&#8221; _builder_version=&#8221;4.17.6&#8243; _module_preset=&#8221;default&#8221; background_color=&#8221;#0b9fbc&#8221; min_height=&#8221;242.7px&#8221; custom_margin=&#8221;|||8px||&#8221; border_width_all=&#8221;2px&#8221; border_width_all_image=&#8221;8px&#8221; border_color_all_image=&#8221;#FFFFFF&#8221; global_colors_info=&#8221;{}&#8221;][\/et_pb_gallery][et_pb_gallery gallery_ids=&#8221;1106,1083,1099,1098,1133,1105,1164,1104,1128,1125,1094,1093,1091,1100,1132,1129,1103,1159,1160,1126,1084,1086,1165,1138,1088,1156,1087,1139,1135,1157,1142,1161&#8243; posts_number=&#8221;36&#8243; show_title_and_caption=&#8221;off&#8221; show_pagination=&#8221;off&#8221; disabled_on=&#8221;off|off|off&#8221; _builder_version=&#8221;4.17.6&#8243; _module_preset=&#8221;default&#8221; background_color=&#8221;#0b9fbc&#8221; custom_margin=&#8221;|||8px||&#8221; border_width_all=&#8221;2px&#8221; border_width_all_image=&#8221;8px&#8221; border_color_all_image=&#8221;#FFFFFF&#8221; box_shadow_style_image=&#8221;preset7&#8243; global_colors_info=&#8221;{}&#8221;][\/et_pb_gallery][\/et_pb_column][\/et_pb_row][et_pb_row disabled_on=&#8221;off|off|off&#8221; _builder_version=&#8221;4.17.6&#8243; _module_preset=&#8221;default&#8221; width=&#8221;95%&#8221; max_width=&#8221;2560px&#8221; module_alignment=&#8221;center&#8221; min_height=&#8221;1200px&#8221; custom_margin=&#8221;|auto|111px|15px||&#8221; custom_padding=&#8221;0px|0px||||&#8221; border_color_all=&#8221;#FFFFFF&#8221; box_shadow_style=&#8221;preset1&#8243; global_colors_info=&#8221;{}&#8221;][et_pb_column type=&#8221;4_4&#8243; _builder_version=&#8221;4.17.4&#8243; _module_preset=&#8221;default&#8221; background_color=&#8221;#0bb6bf&#8221; global_colors_info=&#8221;{}&#8221;][et_pb_gallery gallery_ids=&#8221;969,970,1020,976,977,981,1016,1017,982,1029,1030,980,1018,992,993,1019,1021,1022,999,1000,1031,994,995,996,998,997,1026,1027&#8243; posts_number=&#8221;28&#8243; show_title_and_caption=&#8221;off&#8221; show_pagination=&#8221;off&#8221; disabled_on=&#8221;off|off|off&#8221; _builder_version=&#8221;4.17.6&#8243; _module_preset=&#8221;default&#8221; background_color=&#8221;#0b9fbc&#8221; min_height=&#8221;1978.9px&#8221; custom_margin=&#8221;|||8px||&#8221; custom_padding=&#8221;||24px|||&#8221; border_width_all=&#8221;2px&#8221; border_width_all_image=&#8221;8px&#8221; border_color_all_image=&#8221;#FFFFFF&#8221; box_shadow_style_image=&#8221;preset7&#8243; box_shadow_blur_image=&#8221;20px&#8221; global_colors_info=&#8221;{}&#8221;][\/et_pb_gallery][\/et_pb_column][\/et_pb_row][\/et_pb_section][et_pb_section fb_built=&#8221;1&#8243; _builder_version=&#8221;4.17.3&#8243; _module_preset=&#8221;default&#8221; background_color=&#8221;gcid-4d6a4c10-449b-4d90-99d7-d7e7a21e21e4&#8243; custom_padding=&#8221;100px||100px||false|false&#8221; top_divider_style=&#8221;mountains2&#8243; top_divider_color=&#8221;#0C71C3&#8243; top_divider_flip=&#8221;horizontal&#8221; bottom_divider_style=&#8221;mountains2&#8243; bottom_divider_color=&#8221;#2456a5&#8243; global_colors_info=&#8221;{%22gcid-4d6a4c10-449b-4d90-99d7-d7e7a21e21e4%22:%91%22background_color%22%93}&#8221;][et_pb_row _builder_version=&#8221;4.17.3&#8243; _module_preset=&#8221;default&#8221; global_colors_info=&#8221;{}&#8221;][et_pb_column type=&#8221;4_4&#8243; _builder_version=&#8221;4.17.3&#8243; _module_preset=&#8221;default&#8221; global_colors_info=&#8221;{}&#8221;][et_pb_text _builder_version=&#8221;4.17.3&#8243; _module_preset=&#8221;default&#8221; text_font=&#8221;Archivo|700|||||||&#8221; text_text_color=&#8221;gcid-f829c84f-77a1-4fdf-88eb-0d27c1bfc34e&#8221; text_font_size=&#8221;40px&#8221; text_line_height=&#8221;1.8em&#8221; animation_style=&#8221;fade&#8221; global_colors_info=&#8221;{%22gcid-f829c84f-77a1-4fdf-88eb-0d27c1bfc34e%22:%91%22text_text_color%22%93}&#8221;]<\/p>\n<p style=\"text-align: left; border-bottom: solid 1px #2758a3;\">VILLA LANCIA<\/p>\n<p>[\/et_pb_text][\/et_pb_column][\/et_pb_row][et_pb_row column_structure=&#8221;1_2,1_2&#8243; _builder_version=&#8221;4.17.3&#8243; _module_preset=&#8221;default&#8221; custom_padding=&#8221;||50px||false|false&#8221; global_colors_info=&#8221;{}&#8221;][et_pb_column type=&#8221;1_2&#8243; _builder_version=&#8221;4.17.3&#8243; _module_preset=&#8221;default&#8221; global_colors_info=&#8221;{}&#8221;][et_pb_image src=&#8221;https:\/\/www.valsesialanciastory.com\/wp-content\/uploads\/2022\/05\/villalancia_3.jpeg&#8221; title_text=&#8221;villalancia_3&#8243; align=&#8221;center&#8221; _builder_version=&#8221;4.17.3&#8243; _module_preset=&#8221;default&#8221; animation_style=&#8221;slide&#8221; animation_direction=&#8221;left&#8221; border_width_all=&#8221;4px&#8221; border_color_all=&#8221;#EDEDED&#8221; box_shadow_style=&#8221;preset3&#8243; global_colors_info=&#8221;{}&#8221;][\/et_pb_image][\/et_pb_column][et_pb_column type=&#8221;1_2&#8243; _builder_version=&#8221;4.17.3&#8243; _module_preset=&#8221;default&#8221; global_colors_info=&#8221;{}&#8221;][et_pb_text _builder_version=&#8221;4.17.6&#8243; _module_preset=&#8221;default&#8221; animation_style=&#8221;slide&#8221; animation_direction=&#8221;right&#8221; global_colors_info=&#8221;{}&#8221;]<\/p>\n<p>A Fobello, paese di origine della dinastia Lancia, esiste ancora oggi la maestosa villa in cui viveva la famiglia&#8230;&#8230;.<\/p>\n<p>[\/et_pb_text][et_pb_button button_url=&#8221;@ET-DC@eyJkeW5hbWljIjp0cnVlLCJjb250ZW50IjoicG9zdF9saW5rX3VybF9wYWdlIiwic2V0dGluZ3MiOnsicG9zdF9pZCI6IjE4NSJ9fQ==@&#8221; button_text=&#8221;continua&#8230;&#8221; _builder_version=&#8221;4.17.3&#8243; _dynamic_attributes=&#8221;button_url&#8221; _module_preset=&#8221;default&#8221; animation_style=&#8221;slide&#8221; animation_direction=&#8221;right&#8221; global_colors_info=&#8221;{}&#8221;][\/et_pb_button][\/et_pb_column][\/et_pb_row][\/et_pb_section]<\/p>\n","protected":false},"excerpt":{"rendered":"<p>&#8230;dove Vincenzo Lancia nacque. Il Valsesia Lancia Story, fondato nel 1995, ha la sua sede a Fobello,paese natale di Vincenzo Lancia. Il club ha come scopo quello di conservare e tramandare la storiadella famiglia Lancia e del fondatore della omonima casa automobilistica. &nbsp; Oggi il Club conta circa duecento soci attivi,ha la propria sede a [&hellip;]<\/p>\n","protected":false},"author":1,"featured_media":415,"parent":0,"menu_order":0,"comment_status":"closed","ping_status":"open","template":"","meta":{"_et_pb_use_builder":"on","_et_pb_old_content":"<!-- wp:paragraph -->\n<p>Questa \u00e8 una pagina di esempio. Differisce da un articolo di un blog perch\u00e9 rimane sempre allo stesso posto e (in molti temi) appare nel menu di navigazione. Molte persone iniziano con una pagina di Informazioni che li presentano ai visitatori del sito. Potrebbe apparire una presentazione del tipo:<\/p>\n<!-- \/wp:paragraph -->\n\n<!-- wp:quote -->\n<blockquote class=\"wp-block-quote\"><p>Ciao! Sono un fattorino ciclista di giorno, aspirante attore di notte e questo \u00e8 il mio sito web. Vivo a Los Angeles, ho un grande cane di nome Jack e mi piace la pi\u00f1a colada. (E prendere la pioggia)<\/p><\/blockquote>\n<!-- \/wp:quote -->\n\n<!-- wp:paragraph -->\n<p>...o qualcosa di simile:<\/p>\n<!-- \/wp:paragraph -->\n\n<!-- wp:quote -->\n<blockquote class=\"wp-block-quote\"><p>La Societ\u00e0 XYZ Aggeggi \u00e8 stata fondata nel 1971 e da allora fornisce al pubblico aggeggi di ottima qualit\u00e0. Situata a Fantasilandia, XYZ impiega oltre 2.000 persone e realizza ogni sorta di aggeggio fantastico per la comunit\u00e0 di Fantasilandia.<\/p><\/blockquote>\n<!-- \/wp:quote -->\n\n<!-- wp:paragraph -->\n<p>Come nuovo utente di WordPress, dovresti andare nella tua <a href=\"http:\/\/www.valsesialanciastory.com\/wp-admin\/\">Bacheca<\/a> per eliminare questa pagina, e crearne delle nuove per i tuoi contenuti. Divertiti!<\/p>\n<!-- \/wp:paragraph -->","_et_gb_content_width":""},"_links":{"self":[{"href":"https:\/\/www.valsesialanciastory.com\/index.php\/wp-json\/wp\/v2\/pages\/2"}],"collection":[{"href":"https:\/\/www.valsesialanciastory.com\/index.php\/wp-json\/wp\/v2\/pages"}],"about":[{"href":"https:\/\/www.valsesialanciastory.com\/index.php\/wp-json\/wp\/v2\/types\/page"}],"author":[{"embeddable":true,"href":"https:\/\/www.valsesialanciastory.com\/index.php\/wp-json\/wp\/v2\/users\/1"}],"replies":[{"embeddable":true,"href":"https:\/\/www.valsesialanciastory.com\/index.php\/wp-json\/wp\/v2\/comments?post=2"}],"version-history":[{"count":346,"href":"https:\/\/www.valsesialanciastory.com\/index.php\/wp-json\/wp\/v2\/pages\/2\/revisions"}],"predecessor-version":[{"id":1664,"href":"https:\/\/www.valsesialanciastory.com\/index.php\/wp-json\/wp\/v2\/pages\/2\/revisions\/1664"}],"wp:featuredmedia":[{"embeddable":true,"href":"https:\/\/www.valsesialanciastory.com\/index.php\/wp-json\/wp\/v2\/media\/415"}],"wp:attachment":[{"href":"https:\/\/www.valsesialanciastory.com\/index.php\/wp-json\/wp\/v2\/media?parent=2"}],"curies":[{"name":"wp","href":"https:\/\/api.w.org\/{rel}","templated":true}]}}