{"id":202,"date":"2022-05-06T10:13:56","date_gmt":"2022-05-06T08:13:56","guid":{"rendered":"http:\/\/www.valsesialanciastory.com\/?page_id=202"},"modified":"2023-11-22T18:22:57","modified_gmt":"2023-11-22T17:22:57","slug":"federazione-a-s-i","status":"publish","type":"page","link":"https:\/\/www.valsesialanciastory.com\/index.php\/federazione-a-s-i\/","title":{"rendered":"FEDERAZIONE A.S.I."},"content":{"rendered":"<p>[et_pb_section fb_built=&#8221;1&#8243; _builder_version=&#8221;4.17.3&#8243; _module_preset=&#8221;default&#8221; global_colors_info=&#8221;{}&#8221;][et_pb_row _builder_version=&#8221;4.17.3&#8243; _module_preset=&#8221;default&#8221; global_colors_info=&#8221;{}&#8221;][et_pb_column type=&#8221;4_4&#8243; _builder_version=&#8221;4.17.3&#8243; _module_preset=&#8221;default&#8221; global_colors_info=&#8221;{}&#8221;][et_pb_post_title meta=&#8221;off&#8221; featured_image=&#8221;off&#8221; _builder_version=&#8221;4.17.3&#8243; _module_preset=&#8221;default&#8221; title_font=&#8221;|700|||||||&#8221; title_letter_spacing=&#8221;1px&#8221; global_colors_info=&#8221;{}&#8221;][\/et_pb_post_title][\/et_pb_column][\/et_pb_row][et_pb_row column_structure=&#8221;2_3,1_3&#8243; _builder_version=&#8221;4.17.3&#8243; _module_preset=&#8221;default&#8221; global_colors_info=&#8221;{}&#8221;][et_pb_column type=&#8221;2_3&#8243; _builder_version=&#8221;4.17.3&#8243; _module_preset=&#8221;default&#8221; global_colors_info=&#8221;{}&#8221;][et_pb_text _builder_version=&#8221;4.17.6&#8243; _module_preset=&#8221;default&#8221; global_colors_info=&#8221;{}&#8221;]<\/p>\n<p>Il <strong>Valsesia Lancia Story<\/strong> \u00e8 un club <strong>Federato A.S.I.<\/strong> ed \u00e8 quindi in grado di predisporre le pratiche per il rilascio delle certificazioni relativamente ai mezzi storici che possono averne diritto.<\/p>\n<p><strong>CERTIFICATI<\/strong><\/p>\n<p>Il nostro Club pu\u00f2 predisporre le pratiche per automobili, autocarri, motocicli, mezzi agricoli, mezzi militari al fine di poter ottenere dall&#8217;A.S.I. i seguenti certificati:<\/p>\n<ul>\n<li>Certificato d\u2019identit\u00e0 (Omologazione)<\/li>\n<li>Attestato di storicit\u00e0<\/li>\n<li>Certificato di rilevanza storica<\/li>\n<li>Carta ASI di storicit\u00e0 per ciclomotori<\/li>\n<li>Carta d\u2019identit\u00e0 Fiva<\/li>\n<\/ul>\n<p>Le informazioni dettagliate sui singoli certificati si possono trovare sul sito della Federazione A.S.I. al seguente link: www.asifed.it\/normative\/certificati .<\/p>\n<p><strong>ISCRIZIONI E RILASCIO CERTIFICATI<\/strong><\/p>\n<p>Per richiedere i certificati \u00e8 necessario essere iscritti alla Federazione A.S.I., che pu\u00f2 avvenire solo tramite un club Federato.<\/p>\n<p>Con l&#8217;iscrizione al Valsesia Lancia Story \u00e8 possibile richiedere anche l&#8217;iscrizione all&#8217;A.S.I.; le istruzioni e gli importi sono disponibili nella pagina Iscrizioni.<\/p>\n<p>Per la richiesta dei certificati \u00e8 necessario fornire varie informazioni relative al mezzo ed alle sue caratteristiche principali che andranno riportate su un apposito libretto, reperibile presso il nostro Club.<\/p>\n<p>Prima di procedere all&#8217;iscrizione, un commissario tecnico del Valsesia Lancia Story dovr\u00e0 vedere il mezzo affinch\u00e8 si accerti della rispondenza delle informazioni contenute nella documentazione fornita.<\/p>\n<p><strong>NORMATIVA VIGENTE<\/strong><\/p>\n<p>Per poter parlare di auto d\u2019epoca \u00e8 fondamentale avere un riferimento temporale. Affinch\u00e9 si possa parlare di auto d\u2019epoca il veicolo deve essere stato prodotto per lo meno<span>\u00a0<\/span><strong>30 anni prima della sua iscrizione nel Registro ASI<\/strong>. Le vetture \u00a0diventano storiche, invece, dopo 20 anni di et\u00e0.\u00a0 \u00a0 \u00a0 \u00a0 \u00a0 \u00a0 \u00a0<\/p>\n<p>Gli anni di un\u2019auto, per\u00f2, non sono gli unici elementi fondamentali per<span>\u00a0<\/span><a href=\"https:\/\/www.automobile.it\/magazine\/acquisto-auto\/valutazione-auto-epoca-28373\">ottenere lo status di vettura d\u2019epoca<\/a><span>\u00a0<\/span>perch\u00e9 l\u2019auto deve essere stata mantenuta in stato decoroso e soprattutto in condizioni fedeli all\u2019originale.<\/p>\n<p>Per le eventuali esenzioni dal pagamento della tassa di propriet\u00e0 per i veicoli da 20 a 30 anni si dovr\u00e0 verificare la situazione della normativa al momento della richiesta dei certificati di storicit\u00e0 e dei certificati di datazione di storicit\u00e0, essendo questa materia di competenza delle singole regioni italiane e soggette a variazioni.<\/p>\n<p><strong>INFORMAZIONI E CONTATTI<\/strong><\/p>\n<p>Per quanto riguarda i costi dei singoli certificati e per avere maggiori informazioni in merito \u00e8 possibile inviare una e-mail a info@valsesialanciastory.com oppure telefonare ai commissari tecnici del club:<\/p>\n<p>Graziano Maurelli 333 8912511<\/p>\n<p>Giorgio Andreotti 347 4645168<\/p>\n<p>[\/et_pb_text][\/et_pb_column][et_pb_column type=&#8221;1_3&#8243; _builder_version=&#8221;4.17.3&#8243; _module_preset=&#8221;default&#8221; global_colors_info=&#8221;{}&#8221;][et_pb_image src=&#8221;https:\/\/www.valsesialanciastory.com\/wp-content\/uploads\/2022\/05\/asi-logo-2.png&#8221; alt=&#8221;A.S.I. &#8211; Automotoclub Storico Italiano&#8221; title_text=&#8221;A.S.I. &#8211; Automotoclub Storico Italiano&#8221; url_new_window=&#8221;on&#8221; align=&#8221;center&#8221; _builder_version=&#8221;4.17.6&#8243; _module_preset=&#8221;default&#8221; border_width_all=&#8221;4px&#8221; border_color_all=&#8221;#dddddd&#8221; box_shadow_style=&#8221;preset3&#8243; global_colors_info=&#8221;{%22gcid-3cb0cf77-6df6-46d4-969a-61bda35b99d2%22:%91%22border_color_all%22%93}&#8221;][\/et_pb_image][et_pb_button button_url=&#8221;https:\/\/www.valsesialanciastory.com\/images\/libretto-asi-autoveicoli.pdf&#8221; url_new_window=&#8221;on&#8221; button_text=&#8221;Bozza Libretto Auto&#8221; button_alignment=&#8221;center&#8221; _builder_version=&#8221;4.17.6&#8243; _module_preset=&#8221;default&#8221; hover_enabled=&#8221;0&#8243; global_colors_info=&#8221;{}&#8221; box_shadow_style=&#8221;preset4&#8243; sticky_enabled=&#8221;0&#8243;][\/et_pb_button][et_pb_button button_url=&#8221;https:\/\/www.valsesialanciastory.com\/wp-content\/uploads\/2022\/09\/informativa-tesserati-senza-firma.pdf&#8221; url_new_window=&#8221;on&#8221; button_text=&#8221;Regolamento Privacy&#8221; button_alignment=&#8221;center&#8221; _builder_version=&#8221;4.17.6&#8243; _module_preset=&#8221;default&#8221; hover_enabled=&#8221;0&#8243; global_colors_info=&#8221;{}&#8221; box_shadow_style=&#8221;preset4&#8243; sticky_enabled=&#8221;0&#8243;][\/et_pb_button][et_pb_button button_url=&#8221;https:\/\/www.valsesialanciastory.com\/wp-content\/uploads\/2023\/11\/2a-locandina-Europ-Assistance-1.pdf&#8221; url_new_window=&#8221;on&#8221; button_text=&#8221;Tessera ASI&#8221; button_alignment=&#8221;center&#8221; _builder_version=&#8221;4.17.6&#8243; _module_preset=&#8221;default&#8221; hover_enabled=&#8221;0&#8243; box_shadow_style=&#8221;preset4&#8243; box_shadow_color=&#8221;#999999&#8243; global_colors_info=&#8221;{}&#8221; sticky_enabled=&#8221;0&#8243;][\/et_pb_button][et_pb_button button_url=&#8221;https:\/\/www.valsesialanciastory.com\/wp-content\/uploads\/2023\/11\/Guida-al-restauro_libretto_digital.pdf&#8221; url_new_window=&#8221;on&#8221; button_text=&#8221;Guida al restauro&#8221; button_alignment=&#8221;center&#8221; _builder_version=&#8221;4.17.6&#8243; _module_preset=&#8221;default&#8221; hover_enabled=&#8221;0&#8243; box_shadow_style=&#8221;preset4&#8243; box_shadow_color=&#8221;rgba(168,124,92,0.24)&#8221; global_colors_info=&#8221;{}&#8221; sticky_enabled=&#8221;0&#8243;][\/et_pb_button][\/et_pb_column][\/et_pb_row][\/et_pb_section][et_pb_section fb_built=&#8221;1&#8243; _builder_version=&#8221;4.17.3&#8243; _module_preset=&#8221;default&#8221; background_color=&#8221;#FFFFFF&#8221; custom_padding=&#8221;10px||10px||false|false&#8221; top_divider_flip=&#8221;horizontal&#8221; bottom_divider_style=&#8221;mountains2&#8243; bottom_divider_color=&#8221;gcid-f829c84f-77a1-4fdf-88eb-0d27c1bfc34e&#8221; global_colors_info=&#8221;{%22gcid-f829c84f-77a1-4fdf-88eb-0d27c1bfc34e%22:%91%22bottom_divider_color%22%93}&#8221;][\/et_pb_section]<\/p>\n","protected":false},"excerpt":{"rendered":"<p>Il Valsesia Lancia Story \u00e8 un club Federato A.S.I. ed \u00e8 quindi in grado di predisporre le pratiche per il rilascio delle certificazioni relativamente ai mezzi storici che possono averne diritto. CERTIFICATI Il nostro Club pu\u00f2 predisporre le pratiche per automobili, autocarri, motocicli, mezzi agricoli, mezzi militari al fine di poter ottenere dall&#8217;A.S.I. i seguenti [&hellip;]<\/p>\n","protected":false},"author":1,"featured_media":0,"parent":0,"menu_order":0,"comment_status":"closed","ping_status":"closed","template":"","meta":{"_et_pb_use_builder":"on","_et_pb_old_content":"","_et_gb_content_width":""},"_links":{"self":[{"href":"https:\/\/www.valsesialanciastory.com\/index.php\/wp-json\/wp\/v2\/pages\/202"}],"collection":[{"href":"https:\/\/www.valsesialanciastory.com\/index.php\/wp-json\/wp\/v2\/pages"}],"about":[{"href":"https:\/\/www.valsesialanciastory.com\/index.php\/wp-json\/wp\/v2\/types\/page"}],"author":[{"embeddable":true,"href":"https:\/\/www.valsesialanciastory.com\/index.php\/wp-json\/wp\/v2\/users\/1"}],"replies":[{"embeddable":true,"href":"https:\/\/www.valsesialanciastory.com\/index.php\/wp-json\/wp\/v2\/comments?post=202"}],"version-history":[{"count":9,"href":"https:\/\/www.valsesialanciastory.com\/index.php\/wp-json\/wp\/v2\/pages\/202\/revisions"}],"predecessor-version":[{"id":1233,"href":"https:\/\/www.valsesialanciastory.com\/index.php\/wp-json\/wp\/v2\/pages\/202\/revisions\/1233"}],"wp:attachment":[{"href":"https:\/\/www.valsesialanciastory.com\/index.php\/wp-json\/wp\/v2\/media?parent=202"}],"curies":[{"name":"wp","href":"https:\/\/api.w.org\/{rel}","templated":true}]}}